{"id":6578,"date":"2025-01-22T19:51:01","date_gmt":"2025-01-22T19:51:01","guid":{"rendered":"https:\/\/fujitsuklimalari.com\/?page_id=6578"},"modified":"2025-01-22T20:03:51","modified_gmt":"2025-01-22T20:03:51","slug":"hakkimizda","status":"publish","type":"page","link":"https:\/\/fujitsuklimalari.com\/?page_id=6578","title":{"rendered":"Hakk\u0131m\u0131zda"},"content":{"rendered":"\t\t<div data-elementor-type=\"wp-page\" data-elementor-id=\"6578\" class=\"elementor elementor-6578\">\n\t\t\t\t\t\t<section class=\"elementor-section elementor-top-section elementor-element elementor-element-6534de45 elementor-section-boxed elementor-section-height-default elementor-section-height-default\" data-id=\"6534de45\" data-element_type=\"section\" data-settings=\"{&quot;background_background&quot;:&quot;classic&quot;}\">\n\t\t\t\t\t\t\t<div class=\"elementor-background-overlay\"><\/div>\n\t\t\t\t\t\t\t<div class=\"elementor-container elementor-column-gap-default\">\n\t\t\t\t\t<div class=\"elementor-column elementor-col-100 elementor-top-column elementor-element elementor-element-7b325950\" data-id=\"7b325950\" data-element_type=\"column\">\n\t\t\t<div class=\"elementor-widget-wrap elementor-element-populated\">\n\t\t\t\t\t\t<div class=\"elementor-element elementor-element-5e719dd6 elementor-widget elementor-widget-heading\" data-id=\"5e719dd6\" data-element_type=\"widget\" data-widget_type=\"heading.default\">\n\t\t\t\t\t<h2 class=\"elementor-heading-title elementor-size-default\">fUJITSU KL\u0130MALARI<\/h2>\t\t\t\t<\/div>\n\t\t\t\t<div class=\"elementor-element elementor-element-31bdaf92 elementor-widget elementor-widget-heading\" data-id=\"31bdaf92\" data-element_type=\"widget\" data-widget_type=\"heading.default\">\n\t\t\t\t\t<h2 class=\"elementor-heading-title elementor-size-default\">HAKKIMIZDA<\/h2>\t\t\t\t<\/div>\n\t\t\t\t<section class=\"elementor-section elementor-inner-section elementor-element elementor-element-78414611 elementor-section-boxed elementor-section-height-default elementor-section-height-default\" data-id=\"78414611\" data-element_type=\"section\" data-settings=\"{&quot;background_background&quot;:&quot;video&quot;,&quot;background_video_start&quot;:6,&quot;background_video_end&quot;:46,&quot;background_play_on_mobile&quot;:&quot;yes&quot;}\">\n\t\t\t\t\t\t\t<div class=\"elementor-background-overlay\"><\/div>\n\t\t\t\t\t\t\t<div class=\"elementor-container elementor-column-gap-default\">\n\t\t\t\t\t<div class=\"elementor-column elementor-col-100 elementor-inner-column elementor-element elementor-element-42b0a848\" data-id=\"42b0a848\" data-element_type=\"column\">\n\t\t\t<div class=\"elementor-widget-wrap elementor-element-populated\">\n\t\t\t\t\t\t<div class=\"elementor-element elementor-element-3f4ed836 elementor-widget elementor-widget-spacer\" data-id=\"3f4ed836\" data-element_type=\"widget\" data-widget_type=\"spacer.default\">\n\t\t\t\t\t\t\t<div class=\"elementor-spacer\">\n\t\t\t<div class=\"elementor-spacer-inner\"><\/div>\n\t\t<\/div>\n\t\t\t\t\t\t<\/div>\n\t\t\t\t\t<\/div>\n\t\t<\/div>\n\t\t\t\t\t<\/div>\n\t\t<\/section>\n\t\t\t\t\t<\/div>\n\t\t<\/div>\n\t\t\t\t\t<\/div>\n\t\t<\/section>\n\t\t\t\t<section class=\"elementor-section elementor-top-section elementor-element elementor-element-77da4330 elementor-section-boxed elementor-section-height-default elementor-section-height-default\" data-id=\"77da4330\" data-element_type=\"section\">\n\t\t\t\t\t\t<div class=\"elementor-container elementor-column-gap-default\">\n\t\t\t\t\t<div class=\"elementor-column elementor-col-100 elementor-top-column elementor-element elementor-element-761a32be\" data-id=\"761a32be\" data-element_type=\"column\">\n\t\t\t<div class=\"elementor-widget-wrap elementor-element-populated\">\n\t\t\t\t\t\t<div class=\"elementor-element elementor-element-98edb34 elementor-widget elementor-widget-text-editor\" data-id=\"98edb34\" data-element_type=\"widget\" data-widget_type=\"text-editor.default\">\n\t\t\t\t\t\t\t\t\t<p>ABC \u0130klimlendirme, kurulu\u015fundan g\u00fcn\u00fcm\u00fcze siz de\u011ferli m\u00fc\u015fterilerine minimum\u00a0 maliyetler ile maksimum kalitede \u00fcr\u00fcn ve hizmet sunmak amac\u0131 ile faaliyetlerini\u00a0 s\u00fcrd\u00fcrmektedir. E\u011fitimli personeli ve son teknoloji \u00fcretim parkuru ile \u00fcr\u00fcn yelpazesini\u00a0 her ge\u00e7en g\u00fcn geni\u015fletme, \u00f6zel projelerinizde g\u00fc\u00e7l\u00fc \u00e7\u00f6z\u00fcm orta\u011f\u0131n\u0131z olarak sizlere\u00a0 destek vermektedir.<\/p><p>\u00a0<\/p><p>Toptan ve perakende \u00fcr\u00fcn\/hizmet sunumu, \u00f6zel proje dan\u0131\u015fmanl\u0131\u011f\u0131 ve uygulamalar\u0131\u00a0 konular\u0131nda ABC \u0130klimlendirme olarak k\u0131sa vadeli hedeflerimize ba\u015far\u0131 ile ula\u015fm\u0131\u015f\u00a0 durumday\u0131z. Uzun vadeli hedeflerimizden en \u00f6nemlisi olan, Ar-Ge yat\u0131r\u0131m\u0131 yaparak\u00a0 sekt\u00f6re y\u00f6n veren global bir firma olmak i\u00e7in h\u0131zl\u0131 ama emin ad\u0131mlar ile ilerlemekteyiz.<\/p><p>\u00a0<\/p><p>D\u00fcnya standartlar\u0131na sahip, kalite kontrol\u00fc ezber y\u00f6ntemler ile de\u011fil teknik bilgiler ve\u00a0 teknoloji ile yap\u0131lan, servisi ve sat\u0131\u015f sonras\u0131 destek a\u011f\u0131 olan; ABC \u0130klimlendirme \u00fcr\u00fcnleri ile maksimum memnuniyet, minimum maliyet sunuyor.<\/p>\t\t\t\t\t\t\t\t<\/div>\n\t\t\t\t\t<\/div>\n\t\t<\/div>\n\t\t\t\t\t<\/div>\n\t\t<\/section>\n\t\t\t\t<\/div>\n\t\t","protected":false},"excerpt":{"rendered":"<p>fUJITSU KL\u0130MALARI HAKKIMIZDA ABC \u0130klimlendirme, kurulu\u015fundan g\u00fcn\u00fcm\u00fcze siz de\u011ferli m\u00fc\u015fterilerine minimum\u00a0 maliyetler ile maksimum kalitede \u00fcr\u00fcn ve hizmet sunmak amac\u0131 ile faaliyetlerini\u00a0 s\u00fcrd\u00fcrmektedir. E\u011fitimli personeli ve son teknoloji \u00fcretim parkuru ile \u00fcr\u00fcn yelpazesini\u00a0 her ge\u00e7en g\u00fcn geni\u015fletme, \u00f6zel projelerinizde g\u00fc\u00e7l\u00fc \u00e7\u00f6z\u00fcm orta\u011f\u0131n\u0131z olarak sizlere\u00a0 destek vermektedir. \u00a0 Toptan ve perakende \u00fcr\u00fcn\/hizmet sunumu, \u00f6zel proje dan\u0131\u015fmanl\u0131\u011f\u0131 [&hellip;]<\/p>\n","protected":false},"author":1,"featured_media":0,"parent":0,"menu_order":0,"comment_status":"closed","ping_status":"closed","template":"elementor_header_footer","meta":{"_joinchat":[],"footnotes":""},"class_list":["post-6578","page","type-page","status-publish","hentry"],"_links":{"self":[{"href":"https:\/\/fujitsuklimalari.com\/index.php?rest_route=\/wp\/v2\/pages\/6578","targetHints":{"allow":["GET"]}}],"collection":[{"href":"https:\/\/fujitsuklimalari.com\/index.php?rest_route=\/wp\/v2\/pages"}],"about":[{"href":"https:\/\/fujitsuklimalari.com\/index.php?rest_route=\/wp\/v2\/types\/page"}],"author":[{"embeddable":true,"href":"https:\/\/fujitsuklimalari.com\/index.php?rest_route=\/wp\/v2\/users\/1"}],"replies":[{"embeddable":true,"href":"https:\/\/fujitsuklimalari.com\/index.php?rest_route=%2Fwp%2Fv2%2Fcomments&post=6578"}],"version-history":[{"count":4,"href":"https:\/\/fujitsuklimalari.com\/index.php?rest_route=\/wp\/v2\/pages\/6578\/revisions"}],"predecessor-version":[{"id":6591,"href":"https:\/\/fujitsuklimalari.com\/index.php?rest_route=\/wp\/v2\/pages\/6578\/revisions\/6591"}],"wp:attachment":[{"href":"https:\/\/fujitsuklimalari.com\/index.php?rest_route=%2Fwp%2Fv2%2Fmedia&parent=6578"}],"curies":[{"name":"wp","href":"https:\/\/api.w.org\/{rel}","templated":true}]}}