{"id":6262,"date":"2024-12-17T17:18:28","date_gmt":"2024-12-17T17:18:28","guid":{"rendered":"http:\/\/fujitsuklimalari.com\/?post_type=product&#038;p=6262"},"modified":"2025-05-10T11:52:49","modified_gmt":"2025-05-10T11:52:49","slug":"r32-aseh09klta","status":"publish","type":"product","link":"https:\/\/fujitsuklimalari.com\/?product=r32-aseh09klta","title":{"rendered":"Fujitsu Prime 9.000 BTU\/h A++ Inverter Klima R32 ASEH09KLTA"},"content":{"rendered":"<h3 style=\"text-align: center;\">Sessiz ve Konforlu Kontrol<\/h3>\n<p style=\"text-align: center;\">Fujitsu klimalar hava ak\u0131\u015f\u0131n\u0131 kontrol ederek konforlu ve sessiz ortamlar sa\u011flar.<\/p>\n<p style=\"text-align: center;\"><img fetchpriority=\"high\" decoding=\"async\" class=\"aligncenter wp-image-6608 size-full\" src=\"https:\/\/fujitsuklimalari.com\/wp-content\/uploads\/2024\/12\/sessiz-ve-konforlu-kontrol-img.jpg\" alt=\"\" width=\"1172\" height=\"466\" srcset=\"https:\/\/fujitsuklimalari.com\/wp-content\/uploads\/2024\/12\/sessiz-ve-konforlu-kontrol-img.jpg 1172w, https:\/\/fujitsuklimalari.com\/wp-content\/uploads\/2024\/12\/sessiz-ve-konforlu-kontrol-img-300x119.jpg 300w, https:\/\/fujitsuklimalari.com\/wp-content\/uploads\/2024\/12\/sessiz-ve-konforlu-kontrol-img-1024x407.jpg 1024w, https:\/\/fujitsuklimalari.com\/wp-content\/uploads\/2024\/12\/sessiz-ve-konforlu-kontrol-img-768x305.jpg 768w\" sizes=\"(max-width: 1172px) 100vw, 1172px\" \/><\/p>\n<div class=\"product-tab bg-gray p-t-b-50\" style=\"text-align: center;\">\n<div class=\"container\">\n<div class=\"row\">\n<div class=\"col-sm-6\">\n<div class=\"cool-plasma\">\n<h3><\/h3>\n<h3 style=\"text-align: center;\">\u00c7evre Dostu So\u011futucu Ak\u0131\u015fkan<\/h3>\n<p style=\"text-align: center;\">Fujitsu markas\u0131 gelecekte gurur duyabilece\u011fimiz \u00fcr\u00fcnler olu\u015fturmak i\u00e7in \u00e7al\u0131\u015f\u0131r. Bu \u00e7al\u0131\u015fmalar\u0131 \u00e7evre dostu \u00fcr\u00fcnlere entegre eder.<\/p>\n<p>&nbsp;<\/p>\n<\/div>\n<\/div>\n<\/div>\n<\/div>\n<\/div>\n<p style=\"text-align: center;\"><img decoding=\"async\" class=\"aligncenter wp-image-6358 size-full\" src=\"https:\/\/fujitsuklimalari.com\/wp-content\/uploads\/2024\/12\/fujitsu-cevre-dostu-img.jpg\" alt=\"\" width=\"1172\" height=\"475\" srcset=\"https:\/\/fujitsuklimalari.com\/wp-content\/uploads\/2024\/12\/fujitsu-cevre-dostu-img.jpg 1172w, https:\/\/fujitsuklimalari.com\/wp-content\/uploads\/2024\/12\/fujitsu-cevre-dostu-img-300x122.jpg 300w, https:\/\/fujitsuklimalari.com\/wp-content\/uploads\/2024\/12\/fujitsu-cevre-dostu-img-1024x415.jpg 1024w, https:\/\/fujitsuklimalari.com\/wp-content\/uploads\/2024\/12\/fujitsu-cevre-dostu-img-768x311.jpg 768w\" sizes=\"(max-width: 1172px) 100vw, 1172px\" \/><\/p>\n<div class=\"product-tab bg-gray p-t-b-50\" style=\"text-align: center;\">\n<h3 style=\"text-align: center;\">Daha Az Global Is\u0131nma Potansiyeline Sahip R32 So\u011futucu Ak\u0131\u015fkan<\/h3>\n<p>&nbsp;<\/p>\n<p style=\"text-align: center;\">* S\u0131f\u0131r Ozon T\u00fcketme Potansiyeli<br \/>\n* Y\u00fcksek \u00e7evresel duyarl\u0131l\u0131k<br \/>\n* Y\u00fcksek performans<br \/>\n* Ekonomik<\/p>\n<p><img decoding=\"async\" class=\"aligncenter wp-image-6587 size-full\" src=\"https:\/\/fujitsuklimalari.com\/wp-content\/uploads\/2024\/12\/daha-az-global-isinma-img.jpg\" alt=\"\" width=\"468\" height=\"312\" srcset=\"https:\/\/fujitsuklimalari.com\/wp-content\/uploads\/2024\/12\/daha-az-global-isinma-img.jpg 468w, https:\/\/fujitsuklimalari.com\/wp-content\/uploads\/2024\/12\/daha-az-global-isinma-img-300x200.jpg 300w\" sizes=\"(max-width: 468px) 100vw, 468px\" \/><\/p>\n<\/div>\n<div class=\"product-tab bg-gray p-t-b-50\" style=\"text-align: center;\">\n<div class=\"container\" style=\"text-align: center;\"><\/div>\n<p>&nbsp;<\/p>\n<h3 style=\"text-align: center;\">Ye\u015fil Bir Gelecek \u0130\u00e7in \u00d6nc\u00fc \u00c7al\u0131\u015fmalar\u0131m\u0131z<\/h3>\n<\/div>\n<div class=\"product-tab bg-gray p-t-b-50\" style=\"text-align: center;\">\n<p style=\"text-align: center;\">* Fujitsu 2020 tarihli AB \u0130klim Eylem Plan\u0131 20\/20\/20\u2019yi takip etmektedir.<br \/>\n* Daha az ana enerji kullan\u0131m\u0131<br \/>\n* Daha az CO2 emisyonu<br \/>\n* yenilenebilir enerjiden gelir<\/p>\n<p>&nbsp;<\/p>\n<\/div>\n<div class=\"product-tab bg-gray p-t-b-50\" style=\"text-align: center;\">\n<p><img loading=\"lazy\" decoding=\"async\" class=\"aligncenter wp-image-6588 size-full\" src=\"https:\/\/fujitsuklimalari.com\/wp-content\/uploads\/2024\/12\/yesil-bir-gelecek-img.jpg\" alt=\"\" width=\"468\" height=\"312\" srcset=\"https:\/\/fujitsuklimalari.com\/wp-content\/uploads\/2024\/12\/yesil-bir-gelecek-img.jpg 468w, https:\/\/fujitsuklimalari.com\/wp-content\/uploads\/2024\/12\/yesil-bir-gelecek-img-300x200.jpg 300w\" sizes=\"(max-width: 468px) 100vw, 468px\" \/><\/p>\n<\/div>\n<h3 style=\"text-align: center;\">Wi-Fi Kontrol\u00fc (Opsiyonel)<\/h3>\n<p style=\"text-align: center;\">Kullan\u0131c\u0131lar klimalar\u0131n\u0131 her yerden mobil cihazlarla kontrol edebilir.<\/p>\n<p style=\"text-align: center;\"><img loading=\"lazy\" decoding=\"async\" class=\"wp-image-6614 size-full aligncenter\" src=\"https:\/\/fujitsuklimalari.com\/wp-content\/uploads\/2024\/12\/wi-fi-kontrolu.jpg\" alt=\"\" width=\"1140\" height=\"454\" srcset=\"https:\/\/fujitsuklimalari.com\/wp-content\/uploads\/2024\/12\/wi-fi-kontrolu.jpg 1140w, https:\/\/fujitsuklimalari.com\/wp-content\/uploads\/2024\/12\/wi-fi-kontrolu-300x119.jpg 300w, https:\/\/fujitsuklimalari.com\/wp-content\/uploads\/2024\/12\/wi-fi-kontrolu-1024x408.jpg 1024w, https:\/\/fujitsuklimalari.com\/wp-content\/uploads\/2024\/12\/wi-fi-kontrolu-768x306.jpg 768w\" sizes=\"(max-width: 1140px) 100vw, 1140px\" \/><\/p>\n","protected":false},"excerpt":{"rendered":"<p><img loading=\"lazy\" decoding=\"async\" class=\"alignnone  wp-image-6616\" src=\"https:\/\/fujitsuklimalari.com\/wp-content\/uploads\/2024\/12\/r32-ico.png\" alt=\"\" width=\"75\" height=\"60\" \/>\u00a0 \u00a0 \u00a0 <img loading=\"lazy\" decoding=\"async\" class=\"alignnone  wp-image-6617\" src=\"https:\/\/fujitsuklimalari.com\/wp-content\/uploads\/2024\/12\/3yil_garanti.png\" alt=\"\" width=\"65\" height=\"64\" \/><\/p>\n","protected":false},"featured_media":6435,"comment_status":"open","ping_status":"closed","template":"","meta":{"_joinchat":[]},"product_cat":[18],"product_tag":[],"class_list":{"0":"post-6262","1":"product","2":"type-product","3":"status-publish","4":"has-post-thumbnail","6":"product_cat-duvar-tipi-klimalar","8":"first","9":"instock","10":"featured","11":"sold-individually","12":"shipping-taxable","13":"purchasable","14":"product-type-simple"},"_links":{"self":[{"href":"https:\/\/fujitsuklimalari.com\/index.php?rest_route=\/wp\/v2\/product\/6262","targetHints":{"allow":["GET"]}}],"collection":[{"href":"https:\/\/fujitsuklimalari.com\/index.php?rest_route=\/wp\/v2\/product"}],"about":[{"href":"https:\/\/fujitsuklimalari.com\/index.php?rest_route=\/wp\/v2\/types\/product"}],"replies":[{"embeddable":true,"href":"https:\/\/fujitsuklimalari.com\/index.php?rest_route=%2Fwp%2Fv2%2Fcomments&post=6262"}],"wp:featuredmedia":[{"embeddable":true,"href":"https:\/\/fujitsuklimalari.com\/index.php?rest_route=\/wp\/v2\/media\/6435"}],"wp:attachment":[{"href":"https:\/\/fujitsuklimalari.com\/index.php?rest_route=%2Fwp%2Fv2%2Fmedia&parent=6262"}],"wp:term":[{"taxonomy":"product_cat","embeddable":true,"href":"https:\/\/fujitsuklimalari.com\/index.php?rest_route=%2Fwp%2Fv2%2Fproduct_cat&post=6262"},{"taxonomy":"product_tag","embeddable":true,"href":"https:\/\/fujitsuklimalari.com\/index.php?rest_route=%2Fwp%2Fv2%2Fproduct_tag&post=6262"}],"curies":[{"name":"wp","href":"https:\/\/api.w.org\/{rel}","templated":true}]}}