{"id":6330,"date":"2023-01-23T18:47:07","date_gmt":"2023-01-23T18:47:07","guid":{"rendered":"http:\/\/fujitsuklimalari.com\/?post_type=product&#038;p=6330"},"modified":"2025-05-10T11:50:38","modified_gmt":"2025-05-10T11:50:38","slug":"auxg45krlb","status":"publish","type":"product","link":"https:\/\/fujitsuklimalari.com\/?product=auxg45krlb","title":{"rendered":"Fujitsu Inverter Klima Kaset 45.000 BTU\/h AUXG45KRLB"},"content":{"rendered":"<h3 style=\"text-align: center;\"><\/h3>\n<h3 style=\"text-align: center;\"><img fetchpriority=\"high\" decoding=\"async\" class=\"aligncenter wp-image-6581 size-full\" src=\"https:\/\/fujitsuklimalari.com\/wp-content\/uploads\/2024\/12\/hava-akimi-fujitsu-prof.jpg\" alt=\"\" width=\"2500\" height=\"1480\" srcset=\"https:\/\/fujitsuklimalari.com\/wp-content\/uploads\/2024\/12\/hava-akimi-fujitsu-prof.jpg 2500w, https:\/\/fujitsuklimalari.com\/wp-content\/uploads\/2024\/12\/hava-akimi-fujitsu-prof-300x178.jpg 300w, https:\/\/fujitsuklimalari.com\/wp-content\/uploads\/2024\/12\/hava-akimi-fujitsu-prof-1024x606.jpg 1024w, https:\/\/fujitsuklimalari.com\/wp-content\/uploads\/2024\/12\/hava-akimi-fujitsu-prof-768x455.jpg 768w, https:\/\/fujitsuklimalari.com\/wp-content\/uploads\/2024\/12\/hava-akimi-fujitsu-prof-1536x909.jpg 1536w, https:\/\/fujitsuklimalari.com\/wp-content\/uploads\/2024\/12\/hava-akimi-fujitsu-prof-2048x1212.jpg 2048w\" sizes=\"(max-width: 2500px) 100vw, 2500px\" \/><\/h3>\n<p style=\"text-align: center;\">\n<p style=\"text-align: center;\">\u201c360\u00b0 hava ak\u0131\u015f\u0131 sa\u011flayan \u00f6zel tasar\u0131m.<\/p>\n<h3 style=\"text-align: center;\"><\/h3>\n<h3 style=\"text-align: center;\"><img decoding=\"async\" class=\"aligncenter wp-image-6582 size-full\" src=\"https:\/\/fujitsuklimalari.com\/wp-content\/uploads\/2024\/12\/animas-fuji-1.png\" alt=\"\" width=\"3126\" height=\"1824\" srcset=\"https:\/\/fujitsuklimalari.com\/wp-content\/uploads\/2024\/12\/animas-fuji-1.png 3126w, https:\/\/fujitsuklimalari.com\/wp-content\/uploads\/2024\/12\/animas-fuji-1-300x175.png 300w, https:\/\/fujitsuklimalari.com\/wp-content\/uploads\/2024\/12\/animas-fuji-1-1024x597.png 1024w, https:\/\/fujitsuklimalari.com\/wp-content\/uploads\/2024\/12\/animas-fuji-1-768x448.png 768w, https:\/\/fujitsuklimalari.com\/wp-content\/uploads\/2024\/12\/animas-fuji-1-1536x896.png 1536w, https:\/\/fujitsuklimalari.com\/wp-content\/uploads\/2024\/12\/animas-fuji-1-2048x1195.png 2048w\" sizes=\"(max-width: 3126px) 100vw, 3126px\" \/><\/h3>\n<h3 style=\"text-align: center;\"><img decoding=\"async\" class=\"aligncenter wp-image-6583 size-full\" src=\"https:\/\/fujitsuklimalari.com\/wp-content\/uploads\/2024\/12\/animas-fuji-2.png\" alt=\"\" width=\"3126\" height=\"1824\" srcset=\"https:\/\/fujitsuklimalari.com\/wp-content\/uploads\/2024\/12\/animas-fuji-2.png 3126w, https:\/\/fujitsuklimalari.com\/wp-content\/uploads\/2024\/12\/animas-fuji-2-300x175.png 300w, https:\/\/fujitsuklimalari.com\/wp-content\/uploads\/2024\/12\/animas-fuji-2-1024x597.png 1024w, https:\/\/fujitsuklimalari.com\/wp-content\/uploads\/2024\/12\/animas-fuji-2-768x448.png 768w, https:\/\/fujitsuklimalari.com\/wp-content\/uploads\/2024\/12\/animas-fuji-2-1536x896.png 1536w, https:\/\/fujitsuklimalari.com\/wp-content\/uploads\/2024\/12\/animas-fuji-2-2048x1195.png 2048w\" sizes=\"(max-width: 3126px) 100vw, 3126px\" \/><\/h3>\n<p style=\"text-align: center;\"><img loading=\"lazy\" decoding=\"async\" class=\"aligncenter wp-image-6586 size-medium\" src=\"https:\/\/fujitsuklimalari.com\/wp-content\/uploads\/2024\/12\/logo-fuji-prof1-300x57.png\" alt=\"\" width=\"300\" height=\"57\" srcset=\"https:\/\/fujitsuklimalari.com\/wp-content\/uploads\/2024\/12\/logo-fuji-prof1-300x57.png 300w, https:\/\/fujitsuklimalari.com\/wp-content\/uploads\/2024\/12\/logo-fuji-prof1.png 608w\" sizes=\"(max-width: 300px) 100vw, 300px\" \/><\/p>\n<p style=\"text-align: center;\">\n<div class=\"product-tab bg-gray p-t-b-50\" style=\"text-align: center;\">\n<div class=\"container\">\n<div class=\"row\">\n<div class=\"col-sm-6\">\n<div class=\"cool-plasma\">\n<h3 style=\"text-align: center;\">\u00c7evre Dostu So\u011futucu Ak\u0131\u015fkan<\/h3>\n<p style=\"text-align: center;\">Fujitsu markas\u0131 gelecekte gurur duyabilece\u011fimiz \u00fcr\u00fcnler olu\u015fturmak i\u00e7in \u00e7al\u0131\u015f\u0131r. Bu \u00e7al\u0131\u015fmalar\u0131 \u00e7evre dostu \u00fcr\u00fcnlere entegre eder.<\/p>\n<p>&nbsp;<\/p>\n<\/div>\n<\/div>\n<\/div>\n<\/div>\n<\/div>\n<p style=\"text-align: center;\"><img loading=\"lazy\" decoding=\"async\" class=\"aligncenter wp-image-6358 size-full\" src=\"https:\/\/fujitsuklimalari.com\/wp-content\/uploads\/2024\/12\/fujitsu-cevre-dostu-img.jpg\" alt=\"\" width=\"1172\" height=\"475\" srcset=\"https:\/\/fujitsuklimalari.com\/wp-content\/uploads\/2024\/12\/fujitsu-cevre-dostu-img.jpg 1172w, https:\/\/fujitsuklimalari.com\/wp-content\/uploads\/2024\/12\/fujitsu-cevre-dostu-img-300x122.jpg 300w, https:\/\/fujitsuklimalari.com\/wp-content\/uploads\/2024\/12\/fujitsu-cevre-dostu-img-1024x415.jpg 1024w, https:\/\/fujitsuklimalari.com\/wp-content\/uploads\/2024\/12\/fujitsu-cevre-dostu-img-768x311.jpg 768w\" sizes=\"(max-width: 1172px) 100vw, 1172px\" \/><\/p>\n<p style=\"text-align: center;\">\n<div class=\"product-tab bg-gray p-t-b-50\" style=\"text-align: center;\">\n<h3 style=\"text-align: center;\">Daha Az Global Is\u0131nma Potansiyeline Sahip R32 So\u011futucu Ak\u0131\u015fkan<\/h3>\n<p>&nbsp;<\/p>\n<p style=\"text-align: center;\">* S\u0131f\u0131r Ozon T\u00fcketme Potansiyeli<br \/>\n* Y\u00fcksek \u00e7evresel duyarl\u0131l\u0131k<br \/>\n* Y\u00fcksek performans<br \/>\n* Ekonomik<\/p>\n<p>&nbsp;<\/p>\n<\/div>\n<div class=\"product-tab bg-gray p-t-b-50\" style=\"text-align: center;\">\n<div class=\"container\" style=\"text-align: center;\"><img loading=\"lazy\" decoding=\"async\" class=\"aligncenter wp-image-6587 size-full\" src=\"https:\/\/fujitsuklimalari.com\/wp-content\/uploads\/2024\/12\/daha-az-global-isinma-img.jpg\" alt=\"\" width=\"468\" height=\"312\" srcset=\"https:\/\/fujitsuklimalari.com\/wp-content\/uploads\/2024\/12\/daha-az-global-isinma-img.jpg 468w, https:\/\/fujitsuklimalari.com\/wp-content\/uploads\/2024\/12\/daha-az-global-isinma-img-300x200.jpg 300w\" sizes=\"(max-width: 468px) 100vw, 468px\" \/><\/div>\n<p>&nbsp;<\/p>\n<h3 style=\"text-align: center;\">Ye\u015fil Bir Gelecek \u0130\u00e7in \u00d6nc\u00fc \u00c7al\u0131\u015fmalar\u0131m\u0131z<\/h3>\n<\/div>\n<p style=\"text-align: center;\">\n<div class=\"product-tab bg-gray p-t-b-50\" style=\"text-align: center;\">\n<p style=\"text-align: center;\">* Fujitsu 2020 tarihli AB \u0130klim Eylem Plan\u0131 20\/20\/20\u2019yi takip etmektedir.<br \/>\n* Daha az ana enerji kullan\u0131m\u0131<br \/>\n* Daha az CO2 emisyonu<br \/>\n* yenilenebilir enerjiden gelir<\/p>\n<p>&nbsp;<\/p>\n<\/div>\n<div class=\"product-tab bg-gray p-t-b-50\" style=\"text-align: center;\">\n<p><img loading=\"lazy\" decoding=\"async\" class=\"aligncenter wp-image-6588 size-full\" src=\"https:\/\/fujitsuklimalari.com\/wp-content\/uploads\/2024\/12\/yesil-bir-gelecek-img.jpg\" alt=\"\" width=\"468\" height=\"312\" srcset=\"https:\/\/fujitsuklimalari.com\/wp-content\/uploads\/2024\/12\/yesil-bir-gelecek-img.jpg 468w, https:\/\/fujitsuklimalari.com\/wp-content\/uploads\/2024\/12\/yesil-bir-gelecek-img-300x200.jpg 300w\" sizes=\"(max-width: 468px) 100vw, 468px\" \/><\/p>\n<\/div>\n<p style=\"text-align: center;\">\n","protected":false},"excerpt":{"rendered":"<p>\u201c360\u00b0 hava ak\u0131\u015f\u0131 sa\u011flayan \u00f6zel tasar\u0131m. \u00c7evre Dostu So\u011futucu Ak\u0131\u015fkan Fujitsu markas\u0131 gelecekte gurur duyabilece\u011fimiz \u00fcr\u00fcnler olu\u015fturmak i\u00e7in \u00e7al\u0131\u015f\u0131r. Bu \u00e7al\u0131\u015fmalar\u0131 \u00e7evre dostu \u00fcr\u00fcnlere entegre eder. &nbsp; Daha Az Global Is\u0131nma Potansiyeline Sahip R32 So\u011futucu Ak\u0131\u015fkan &nbsp; * S\u0131f\u0131r Ozon T\u00fcketme Potansiyeli * Y\u00fcksek \u00e7evresel duyarl\u0131l\u0131k * Y\u00fcksek performans * Ekonomik &nbsp; &nbsp; Ye\u015fil Bir [&hellip;]<\/p>\n","protected":false},"featured_media":6446,"comment_status":"open","ping_status":"closed","template":"","meta":{"_joinchat":[]},"product_cat":[19],"product_tag":[],"class_list":{"0":"post-6330","1":"product","2":"type-product","3":"status-publish","4":"has-post-thumbnail","6":"product_cat-kaset-tipi-klimalar","8":"first","9":"instock","10":"sold-individually","11":"shipping-taxable","12":"purchasable","13":"product-type-simple"},"_links":{"self":[{"href":"https:\/\/fujitsuklimalari.com\/index.php?rest_route=\/wp\/v2\/product\/6330","targetHints":{"allow":["GET"]}}],"collection":[{"href":"https:\/\/fujitsuklimalari.com\/index.php?rest_route=\/wp\/v2\/product"}],"about":[{"href":"https:\/\/fujitsuklimalari.com\/index.php?rest_route=\/wp\/v2\/types\/product"}],"replies":[{"embeddable":true,"href":"https:\/\/fujitsuklimalari.com\/index.php?rest_route=%2Fwp%2Fv2%2Fcomments&post=6330"}],"wp:featuredmedia":[{"embeddable":true,"href":"https:\/\/fujitsuklimalari.com\/index.php?rest_route=\/wp\/v2\/media\/6446"}],"wp:attachment":[{"href":"https:\/\/fujitsuklimalari.com\/index.php?rest_route=%2Fwp%2Fv2%2Fmedia&parent=6330"}],"wp:term":[{"taxonomy":"product_cat","embeddable":true,"href":"https:\/\/fujitsuklimalari.com\/index.php?rest_route=%2Fwp%2Fv2%2Fproduct_cat&post=6330"},{"taxonomy":"product_tag","embeddable":true,"href":"https:\/\/fujitsuklimalari.com\/index.php?rest_route=%2Fwp%2Fv2%2Fproduct_tag&post=6330"}],"curies":[{"name":"wp","href":"https:\/\/api.w.org\/{rel}","templated":true}]}}